{"id":816,"date":"2024-12-09T16:16:23","date_gmt":"2024-12-09T16:16:23","guid":{"rendered":"https:\/\/offer.domocosmetics.shop\/umtausch-und-rueckgabe\/"},"modified":"2025-02-05T12:53:34","modified_gmt":"2025-02-05T12:53:34","slug":"umtausch-und-rueckgabe","status":"publish","type":"page","link":"https:\/\/offer.domocosmetics.shop\/de\/umtausch-und-rueckgabe\/","title":{"rendered":"Umtausch und R\u00fcckgabe"},"content":{"rendered":"&#13;\n<p><strong>WIDERRUFSRECHT<\/strong><\/p>&#13;\n<p>Der Kunde hat das Recht, diese Verkaufsbedingungen innerhalb von 14 (vierzehn) Tagen ab dem Datum der Lieferung der Produkte zu widerrufen. Unbeschadet des Vorstehenden und im Rahmen des gesetzlich Zul\u00e4ssigen kann der Kunde die Produkte tats\u00e4chlich zur\u00fcckgeben, ohne dies zu begr\u00fcnden oder eine Strafe zu zahlen.<\/p>&#13;\n<p>Wenn der Kunde beschlie\u00dft, das Widerrufsrecht auszu\u00fcben, muss er <strong>TAKEOFF Sagl gem\u00e4\u00df den von TAKEOFF Sagl<\/strong> erteilten Anweisungen \u00fcber diese Entscheidung informieren <strong>.<\/strong><\/p>&#13;\n<p>Der Kunde ist daf\u00fcr verantwortlich, den Transport f\u00fcr die R\u00fccksendung der Produkte an <strong>TAKEOFF Sagl<\/strong> zu organisieren <strong>.<\/strong> Wenn der Transport vom Kunden organisiert wird, verf\u00e4llt das Widerrufsrecht, wenn die zur\u00fcckzusendenden Produkte w\u00e4hrend des Transports zu den Lagern von <strong>TAKEOFF Sagl.<\/strong> verloren gehen oder gestohlen werden.<\/p>&#13;\n<p>Der Kunde hat die Produkte unverz\u00fcglich und in jedem Fall sp\u00e4testens binnen vierzehn Tagen ab dem Tag, an dem er <strong>TAKEOFF Sagl<\/strong> \u00fcber den Widerruf des Vertrags unter Verwendung des vorgeschriebenen Formulars informiert hat, an den Kurierdienst zu \u00fcbergeben.<\/p>&#13;\n<p>Wenn der Kunde von seinem Widerrufsrecht Gebrauch macht, muss er <strong>TAKEOFF Sagl<\/strong> vorab informieren, indem er das Widerrufsformular per E-Mail an support@domocosmetics.shop schickt.<\/p>&#13;\n<p><strong>R\u00fccktrittsformular<\/strong><\/p>&#13;\n<p>(Wenn Sie den Vertrag widerrufen wollen, f\u00fcllen Sie bitte dieses Formular aus und senden Sie es an uns).<\/p>&#13;\n<p><br\/><br\/>T<strong>AKEOFF Sagl,<\/strong> Vie Pobiette 11, 6928 Manno Schweiz<\/p>&#13;\n<p><br\/>E-Mail: support@domocosmetics.shop Ich\/wir widerrufe(n) meinen\/unseren Kaufvertrag f\u00fcr die folgende(n) Bestellung\/Artikel:<\/p>&#13;\n<ul>&#13;\n<li>Data dell&#8217;ordine<\/li>&#13;\n<li>Nome del cliente<\/li>&#13;\n<li>Indirizzo<\/li>&#13;\n<li>Data<\/li>&#13;\n<\/ul>&#13;\n<p><strong>Ende des R\u00fccktrittsformulars<\/strong><\/p>&#13;\n<p>Kundenr\u00fccksendungen m\u00fcssen an die folgende Adresse gesendet werden:<\/p>&#13;\n<p><br\/><br\/>Dap Sides Euro Logistica SRL Via Sesia, 18\/20 20017 Rho (Mailand) &#8211; Italien<\/p>&#13;\n<p>Nach der rechtm\u00e4\u00dfigen Aus\u00fcbung des Widerrufsrechts durch den Kunden erstattet <strong>TAKEOFF Sagl<\/strong> dem Kunden den Kaufpreis der Produkte und die anf\u00e4nglichen Lieferkosten, jedoch nicht die Versandkosten f\u00fcr die R\u00fccksendung der Produkte.<\/p>&#13;\n<p><strong>TAKEOFF Sagl<\/strong> erstattet dem Kunden den Kaufpreis unverz\u00fcglich, sp\u00e4testens jedoch innerhalb von 14 (vierzehn) Tagen ab dem Tag der Lieferung der an <strong>TAKEOFF Sagl<\/strong> zur\u00fcckgegebenen Produkte oder innerhalb von 14 (vierzehn) Tagen ab dem Tag, an dem der Kunde <strong>TAKEOFF Sagl<\/strong> einen geeigneten Nachweis \u00fcber den Versand aller vom Widerruf betroffenen Produkte vorlegt, je nachdem, welches der fr\u00fchere Zeitpunkt ist.<\/p>&#13;\n<p>Der Preis der Bestellung wird \u00fcber dieselbe Zahlungsmethode erstattet, die der Kunde f\u00fcr den Kauf verwendet hat.<\/p>&#13;\n<p>In jedem Fall muss der Kunde das gesamte Produkt in der unge\u00f6ffneten und unbenutzten Originalverpackung zur\u00fccksenden.<\/p>&#13;\n<p>Der Kunde erkennt an, dass das Widerrufsrecht nicht ausge\u00fcbt werden kann, wenn die gelieferten Produkte:<\/p>&#13;\n<ul>&#13;\n<li>prodotti realizzati su ordinazione o chiaramente personalizzati;<\/li>&#13;\n<li>prodotti soggetti a rapido deterioramento o scadenza;<\/li>&#13;\n<li>prodotti sigillati che non sono idonei alla restituzione per motivi di igiene o protezione della salute o perch\u00e9 sono stati aperti dopo la consegna;<\/li>&#13;\n<li>prodotti che, dopo la consegna, risultano, per natura, inscindibilmente mescolati con altri prodotti.<\/li>&#13;\n<\/ul>&#13;\n<p>Wenn <strong>TAKEOFF<\/strong> <strong>Sagl<\/strong> im Zuge der Pr\u00fcfung der Rechtm\u00e4\u00dfigkeit des Widerrufs feststellt, dass das Widerrufsrecht des Kunden erloschen ist, sendet <strong>TAKEOFF Sagl<\/strong> das Produkt nur dann an den Kunden zur\u00fcck, wenn dieser sich bereit erkl\u00e4rt, die entsprechenden Versandkosten zu tragen. Die blo\u00dfe Annahme der zur\u00fcckgesandten Produkte durch <strong>TAKEOFF Sagl<\/strong>, um deren Zustand zu pr\u00fcfen, stellt in keiner Weise eine Anerkennung der Rechtm\u00e4\u00dfigkeit der Aus\u00fcbung des Widerrufsrechts durch den Kunden dar.<\/p>&#13;\n","protected":false},"excerpt":{"rendered":"<p>&#13; WIDERRUFSRECHT &#13; Der Kunde hat das Recht, diese Verkaufsbedingungen innerhalb von 14 (vierzehn) Tagen ab dem Datum der Lieferung der Produkte zu widerrufen. Unbeschadet des Vorstehenden und im Rahmen des gesetzlich Zul\u00e4ssigen kann der Kunde die Produkte tats\u00e4chlich zur\u00fcckgeben, ohne dies zu begr\u00fcnden oder eine Strafe zu zahlen. &#13; Wenn der Kunde beschlie\u00dft, das&hellip;<\/p>\n","protected":false},"author":1,"featured_media":0,"parent":0,"menu_order":0,"comment_status":"closed","ping_status":"closed","template":"","meta":{"_acf_changed":false,"footnotes":""},"class_list":["post-816","page","type-page","status-publish","hentry","description-off"],"acf":[],"yoast_head":"<!-- This site is optimized with the Yoast SEO plugin v26.8 - https:\/\/yoast.com\/product\/yoast-seo-wordpress\/ -->\n<title>Umtausch und R\u00fcckgabe - offer.domocosmetics.shop<\/title>\n<meta name=\"robots\" content=\"index, follow, max-snippet:-1, max-image-preview:large, max-video-preview:-1\" \/>\n<link rel=\"canonical\" href=\"https:\/\/offer.domocosmetics.shop\/de\/umtausch-und-rueckgabe\/\" \/>\n<meta property=\"og:locale\" content=\"de_DE\" \/>\n<meta property=\"og:type\" content=\"article\" \/>\n<meta property=\"og:title\" content=\"Umtausch und R\u00fcckgabe - offer.domocosmetics.shop\" \/>\n<meta property=\"og:description\" content=\"&#013; WIDERRUFSRECHT &#013; Der Kunde hat das Recht, diese Verkaufsbedingungen innerhalb von 14 (vierzehn) Tagen ab dem Datum der Lieferung der Produkte zu widerrufen. Unbeschadet des Vorstehenden und im Rahmen des gesetzlich Zul\u00e4ssigen kann der Kunde die Produkte tats\u00e4chlich zur\u00fcckgeben, ohne dies zu begr\u00fcnden oder eine Strafe zu zahlen. &#013; Wenn der Kunde beschlie\u00dft, das&hellip;\" \/>\n<meta property=\"og:url\" content=\"https:\/\/offer.domocosmetics.shop\/de\/umtausch-und-rueckgabe\/\" \/>\n<meta property=\"og:site_name\" content=\"offer.domocosmetics.shop\" \/>\n<meta property=\"article:modified_time\" content=\"2025-02-05T12:53:34+00:00\" \/>\n<meta name=\"twitter:card\" content=\"summary_large_image\" \/>\n<meta name=\"twitter:label1\" content=\"Gesch\u00e4tzte Lesezeit\" \/>\n\t<meta name=\"twitter:data1\" content=\"3\u00a0Minuten\" \/>\n<script type=\"application\/ld+json\" class=\"yoast-schema-graph\">{\"@context\":\"https:\/\/schema.org\",\"@graph\":[{\"@type\":\"WebPage\",\"@id\":\"https:\/\/offer.domocosmetics.shop\/de\/umtausch-und-rueckgabe\/\",\"url\":\"https:\/\/offer.domocosmetics.shop\/de\/umtausch-und-rueckgabe\/\",\"name\":\"Umtausch und R\u00fcckgabe - offer.domocosmetics.shop\",\"isPartOf\":{\"@id\":\"https:\/\/offer.domocosmetics.shop\/de\/#website\"},\"datePublished\":\"2024-12-09T16:16:23+00:00\",\"dateModified\":\"2025-02-05T12:53:34+00:00\",\"breadcrumb\":{\"@id\":\"https:\/\/offer.domocosmetics.shop\/de\/umtausch-und-rueckgabe\/#breadcrumb\"},\"inLanguage\":\"de\",\"potentialAction\":[{\"@type\":\"ReadAction\",\"target\":[\"https:\/\/offer.domocosmetics.shop\/de\/umtausch-und-rueckgabe\/\"]}]},{\"@type\":\"BreadcrumbList\",\"@id\":\"https:\/\/offer.domocosmetics.shop\/de\/umtausch-und-rueckgabe\/#breadcrumb\",\"itemListElement\":[{\"@type\":\"ListItem\",\"position\":1,\"name\":\"Home\",\"item\":\"https:\/\/offer.domocosmetics.shop\/de\/\"},{\"@type\":\"ListItem\",\"position\":2,\"name\":\"Umtausch und R\u00fcckgabe\"}]},{\"@type\":\"WebSite\",\"@id\":\"https:\/\/offer.domocosmetics.shop\/de\/#website\",\"url\":\"https:\/\/offer.domocosmetics.shop\/de\/\",\"name\":\"offer.domocosmetics.shop\",\"description\":\"\",\"potentialAction\":[{\"@type\":\"SearchAction\",\"target\":{\"@type\":\"EntryPoint\",\"urlTemplate\":\"https:\/\/offer.domocosmetics.shop\/de\/?s={search_term_string}\"},\"query-input\":{\"@type\":\"PropertyValueSpecification\",\"valueRequired\":true,\"valueName\":\"search_term_string\"}}],\"inLanguage\":\"de\"}]}<\/script>\n<!-- \/ Yoast SEO plugin. -->","yoast_head_json":{"title":"Umtausch und R\u00fcckgabe - offer.domocosmetics.shop","robots":{"index":"index","follow":"follow","max-snippet":"max-snippet:-1","max-image-preview":"max-image-preview:large","max-video-preview":"max-video-preview:-1"},"canonical":"https:\/\/offer.domocosmetics.shop\/de\/umtausch-und-rueckgabe\/","og_locale":"de_DE","og_type":"article","og_title":"Umtausch und R\u00fcckgabe - offer.domocosmetics.shop","og_description":"&#13; WIDERRUFSRECHT &#13; Der Kunde hat das Recht, diese Verkaufsbedingungen innerhalb von 14 (vierzehn) Tagen ab dem Datum der Lieferung der Produkte zu widerrufen. Unbeschadet des Vorstehenden und im Rahmen des gesetzlich Zul\u00e4ssigen kann der Kunde die Produkte tats\u00e4chlich zur\u00fcckgeben, ohne dies zu begr\u00fcnden oder eine Strafe zu zahlen. &#13; Wenn der Kunde beschlie\u00dft, das&hellip;","og_url":"https:\/\/offer.domocosmetics.shop\/de\/umtausch-und-rueckgabe\/","og_site_name":"offer.domocosmetics.shop","article_modified_time":"2025-02-05T12:53:34+00:00","twitter_card":"summary_large_image","twitter_misc":{"Gesch\u00e4tzte Lesezeit":"3\u00a0Minuten"},"schema":{"@context":"https:\/\/schema.org","@graph":[{"@type":"WebPage","@id":"https:\/\/offer.domocosmetics.shop\/de\/umtausch-und-rueckgabe\/","url":"https:\/\/offer.domocosmetics.shop\/de\/umtausch-und-rueckgabe\/","name":"Umtausch und R\u00fcckgabe - offer.domocosmetics.shop","isPartOf":{"@id":"https:\/\/offer.domocosmetics.shop\/de\/#website"},"datePublished":"2024-12-09T16:16:23+00:00","dateModified":"2025-02-05T12:53:34+00:00","breadcrumb":{"@id":"https:\/\/offer.domocosmetics.shop\/de\/umtausch-und-rueckgabe\/#breadcrumb"},"inLanguage":"de","potentialAction":[{"@type":"ReadAction","target":["https:\/\/offer.domocosmetics.shop\/de\/umtausch-und-rueckgabe\/"]}]},{"@type":"BreadcrumbList","@id":"https:\/\/offer.domocosmetics.shop\/de\/umtausch-und-rueckgabe\/#breadcrumb","itemListElement":[{"@type":"ListItem","position":1,"name":"Home","item":"https:\/\/offer.domocosmetics.shop\/de\/"},{"@type":"ListItem","position":2,"name":"Umtausch und R\u00fcckgabe"}]},{"@type":"WebSite","@id":"https:\/\/offer.domocosmetics.shop\/de\/#website","url":"https:\/\/offer.domocosmetics.shop\/de\/","name":"offer.domocosmetics.shop","description":"","potentialAction":[{"@type":"SearchAction","target":{"@type":"EntryPoint","urlTemplate":"https:\/\/offer.domocosmetics.shop\/de\/?s={search_term_string}"},"query-input":{"@type":"PropertyValueSpecification","valueRequired":true,"valueName":"search_term_string"}}],"inLanguage":"de"}]}},"_links":{"self":[{"href":"https:\/\/offer.domocosmetics.shop\/de\/wp-json\/wp\/v2\/pages\/816","targetHints":{"allow":["GET"]}}],"collection":[{"href":"https:\/\/offer.domocosmetics.shop\/de\/wp-json\/wp\/v2\/pages"}],"about":[{"href":"https:\/\/offer.domocosmetics.shop\/de\/wp-json\/wp\/v2\/types\/page"}],"author":[{"embeddable":true,"href":"https:\/\/offer.domocosmetics.shop\/de\/wp-json\/wp\/v2\/users\/1"}],"replies":[{"embeddable":true,"href":"https:\/\/offer.domocosmetics.shop\/de\/wp-json\/wp\/v2\/comments?post=816"}],"version-history":[{"count":1,"href":"https:\/\/offer.domocosmetics.shop\/de\/wp-json\/wp\/v2\/pages\/816\/revisions"}],"predecessor-version":[{"id":817,"href":"https:\/\/offer.domocosmetics.shop\/de\/wp-json\/wp\/v2\/pages\/816\/revisions\/817"}],"wp:attachment":[{"href":"https:\/\/offer.domocosmetics.shop\/de\/wp-json\/wp\/v2\/media?parent=816"}],"curies":[{"name":"wp","href":"https:\/\/api.w.org\/{rel}","templated":true}]}}