{"id":807,"date":"2024-12-18T11:01:39","date_gmt":"2024-12-18T11:01:39","guid":{"rendered":"https:\/\/offer.domocosmetics.shop\/kontakt\/"},"modified":"2025-11-27T10:16:38","modified_gmt":"2025-11-27T10:16:38","slug":"kontakt","status":"publish","type":"page","link":"https:\/\/offer.domocosmetics.shop\/de\/kontakt\/","title":{"rendered":"Kontakt"},"content":{"rendered":"\t\t<div data-elementor-type=\"wp-page\" data-elementor-id=\"807\" class=\"elementor elementor-807 elementor-317\">\n\t\t\t\t<div class=\"elementor-element elementor-element-b8f133d e-flex e-con-boxed e-con e-parent\" data-id=\"b8f133d\" data-element_type=\"container\" data-settings=\"{&quot;background_background&quot;:&quot;classic&quot;}\">\n\t\t\t\t\t<div class=\"e-con-inner\">\n\t\t<div class=\"elementor-element elementor-element-55c9436 e-con-full e-flex e-con e-child\" data-id=\"55c9436\" data-element_type=\"container\">\n\t\t\t\t<div class=\"elementor-element elementor-element-beaafea elementor-widget elementor-widget-heading\" data-id=\"beaafea\" data-element_type=\"widget\" data-widget_type=\"heading.default\">\n\t\t\t\t<div class=\"elementor-widget-container\">\n\t\t\t\t\t<h2 class=\"elementor-heading-title elementor-size-default\">Haben Sie Fragen, Zweifel oder m\u00f6chten Sie wissen, wie Sie D'Omo am besten nutzen k\u00f6nnen?\n<\/h2>\t\t\t\t<\/div>\n\t\t\t\t<\/div>\n\t\t\t\t<div class=\"elementor-element elementor-element-a97c5df elementor-widget elementor-widget-heading\" data-id=\"a97c5df\" data-element_type=\"widget\" data-widget_type=\"heading.default\">\n\t\t\t\t<div class=\"elementor-widget-container\">\n\t\t\t\t\t<h2 class=\"elementor-heading-title elementor-size-default\">Setzen Sie sich mit uns in Verbindung: Wir sind f\u00fcr Sie da, auch bei den heikelsten Fragen\n<\/h2>\t\t\t\t<\/div>\n\t\t\t\t<\/div>\n\t\t\t\t<div class=\"elementor-element elementor-element-0fb999c elementor-widget elementor-widget-text-editor\" data-id=\"0fb999c\" data-element_type=\"widget\" data-widget_type=\"text-editor.default\">\n\t\t\t\t<div class=\"elementor-widget-container\">\n\t\t\t\t\t\t\t\t\t<p><span style=\"font-weight: 400;\">Ob es sich um Produktneugierde, praktische Ratschl\u00e4ge oder eher pers\u00f6nliche Anliegen wie die Verwendung von <\/span><b>D&#8217;Omo<\/b><span style=\"font-weight: 400;\"> in bestimmten Situationen, Sie k\u00f6nnen auf uns z\u00e4hlen.<\/span><\/p><p><span style=\"font-weight: 400;\">Bei intimeren und sensibleren Fragen (wie Sie es am besten anwenden oder in Ihr Leben als Paar integrieren k\u00f6nnen) werden Sie von <\/span><b>Alex<\/b><span style=\"font-weight: 400;\">unser Spezialist. Mit einem H\u00f6chstma\u00df an Kompetenz und Diskretion,  <\/span><b>Alex<\/b><span style=\"font-weight: 400;\"> ist hier, um Ihnen zu helfen, Ihr Wohlbefinden auf friedliche und nat\u00fcrliche Weise zu erfahren.<\/span><\/p>\t\t\t\t\t\t\t\t<\/div>\n\t\t\t\t<\/div>\n\t\t\t\t<\/div>\n\t\t<div class=\"elementor-element elementor-element-afbb22e e-con-full e-flex e-con e-child\" data-id=\"afbb22e\" data-element_type=\"container\">\n\t\t\t\t<div class=\"elementor-element elementor-element-df0cd25 elementor-widget elementor-widget-void-section-cf7\" data-id=\"df0cd25\" data-element_type=\"widget\" data-widget_type=\"void-section-cf7.default\">\n\t\t\t\t<div class=\"elementor-widget-container\">\n\t\t\t\t\t<div class=\"void-cf7-form-widget-wrapper elementor-shortcode void-cf7-0\" data-void-cf7-contact-form-id=\"316\">\n<div class=\"wpcf7 no-js\" id=\"wpcf7-f819-o1\" lang=\"de-DE\" dir=\"ltr\" data-wpcf7-id=\"819\">\n<div class=\"screen-reader-response\"><p role=\"status\" aria-live=\"polite\" aria-atomic=\"true\"><\/p> <ul><\/ul><\/div>\n<form action=\"\/de\/wp-json\/wp\/v2\/pages\/807#wpcf7-f819-o1\" method=\"post\" class=\"wpcf7-form init\" aria-label=\"Kontaktformular\" novalidate=\"novalidate\" data-status=\"init\">\n<fieldset class=\"hidden-fields-container\"><input type=\"hidden\" name=\"_wpcf7\" value=\"819\" \/><input type=\"hidden\" name=\"_wpcf7_version\" value=\"6.1.4\" \/><input type=\"hidden\" name=\"_wpcf7_locale\" value=\"de_DE\" \/><input type=\"hidden\" name=\"_wpcf7_unit_tag\" value=\"wpcf7-f819-o1\" \/><input type=\"hidden\" name=\"_wpcf7_container_post\" value=\"0\" \/><input type=\"hidden\" name=\"_wpcf7_posted_data_hash\" value=\"\" \/>\n<\/fieldset>\n<p><label> Ihr Name<br \/>\n<span class=\"wpcf7-form-control-wrap\" data-name=\"your-name\"><input size=\"40\" maxlength=\"400\" class=\"wpcf7-form-control wpcf7-text wpcf7-validates-as-required\" autocomplete=\"name\" aria-required=\"true\" aria-invalid=\"false\" value=\"\" type=\"text\" name=\"your-name\" \/><\/span> <\/label>\n<\/p>\n<p><label> Ihre E-Mail<br \/>\n<span class=\"wpcf7-form-control-wrap\" data-name=\"your-email\"><input size=\"40\" maxlength=\"400\" class=\"wpcf7-form-control wpcf7-email wpcf7-validates-as-required wpcf7-text wpcf7-validates-as-email\" autocomplete=\"email\" aria-required=\"true\" aria-invalid=\"false\" value=\"\" type=\"email\" name=\"your-email\" \/><\/span> <\/label>\n<\/p>\n<p><label> Objekt<br \/>\n<span class=\"wpcf7-form-control-wrap\" data-name=\"your-subject\"><input size=\"40\" maxlength=\"400\" class=\"wpcf7-form-control wpcf7-text wpcf7-validates-as-required\" aria-required=\"true\" aria-invalid=\"false\" value=\"\" type=\"text\" name=\"your-subject\" \/><\/span> <\/label>\n<\/p>\n<p><label> Ihre Nachricht (optional)<br \/>\n<span class=\"wpcf7-form-control-wrap\" data-name=\"your-message\"><textarea cols=\"40\" rows=\"10\" maxlength=\"2000\" class=\"wpcf7-form-control wpcf7-textarea\" aria-invalid=\"false\" name=\"your-message\"><\/textarea><\/span> <\/label>\n<\/p>\n<p><input class=\"wpcf7-form-control wpcf7-submit has-spinner\" type=\"submit\" value=\"Senden Sie\" \/>\n<\/p><p style=\"display: none !important;\" class=\"akismet-fields-container\" data-prefix=\"_wpcf7_ak_\"><label>&#916;<textarea name=\"_wpcf7_ak_hp_textarea\" cols=\"45\" rows=\"8\" maxlength=\"100\"><\/textarea><\/label><input type=\"hidden\" id=\"ak_js_1\" name=\"_wpcf7_ak_js\" value=\"200\"\/><script>document.getElementById( \"ak_js_1\" ).setAttribute( \"value\", ( new Date() ).getTime() );<\/script><\/p><div class=\"wpcf7-response-output\" aria-hidden=\"true\"><\/div>\n<\/form>\n<\/div>\n<\/div> \t\t\t<script>\r\n \t\t\t        var theform = document.querySelector('.void-cf7-0');\r\n\t\t\t\t\t\ttheform.addEventListener( 'wpcf7mailsent', function( event ) {\r\n\t\t\t\t\t    location = 'https:\/\/offer.domocosmetics.shop\/de\/kontakt\/';\r\n\t\t\t\t\t}, false );\r\n\t\t\t<\/script>\r\n\r\n\t\t\t\t\t\t<\/div>\n\t\t\t\t<\/div>\n\t\t\t\t<\/div>\n\t\t\t\t\t<\/div>\n\t\t\t\t<\/div>\n\t\t<div class=\"elementor-element elementor-element-6ef89ef e-flex e-con-boxed e-con e-parent\" data-id=\"6ef89ef\" data-element_type=\"container\">\n\t\t\t\t\t<div class=\"e-con-inner\">\n\t\t<div class=\"elementor-element elementor-element-4564584 e-con-full e-flex e-con e-child\" data-id=\"4564584\" data-element_type=\"container\">\n\t\t\t\t<div class=\"elementor-element elementor-element-961dcf1 elementor-widget elementor-widget-text-editor\" data-id=\"961dcf1\" data-element_type=\"widget\" data-widget_type=\"text-editor.default\">\n\t\t\t\t<div class=\"elementor-widget-container\">\n\t\t\t\t\t\t\t\t\t<p style=\"text-align: center;\"><b>D&#8217;Omo Gel f\u00fcr M\u00e4nner<\/b><\/p><p style=\"text-align: center;\">TAKEOFF Sagl<\/p><p style=\"text-align: center;\">Via Favad\u00ecn 5 6964 Davesco-Soragno, Lugano Switzerland<\/p><p style=\"text-align: center;\"><a href=\"mailto:support@domocosmetics.shop\"><span style=\"font-weight: 400;\">support@domocosmetics.shop<\/span><\/a><span style=\"font-weight: 400;\"> <\/span><\/p>\t\t\t\t\t\t\t\t<\/div>\n\t\t\t\t<\/div>\n\t\t\t\t<\/div>\n\t\t<div class=\"elementor-element elementor-element-a68e97d e-con-full e-flex e-con e-child\" data-id=\"a68e97d\" data-element_type=\"container\">\n\t\t\t\t<div class=\"elementor-element elementor-element-46384a0 elementor-widget elementor-widget-google_maps\" data-id=\"46384a0\" data-element_type=\"widget\" data-widget_type=\"google_maps.default\">\n\t\t\t\t<div class=\"elementor-widget-container\">\n\t\t\t\t\t\t\t<div class=\"elementor-custom-embed\">\n\t\t\t<iframe loading=\"lazy\"\n\t\t\t\t\tsrc=\"https:\/\/maps.google.com\/maps?q=TAKEOFF%20Sagl%20%20Via%20Favad%C3%ACn%205%206964%20Davesco-Soragno%2C%C2%A0Lugano%20Switzerland&#038;t=m&#038;z=11&#038;output=embed&#038;iwloc=near\"\n\t\t\t\t\ttitle=\"TAKEOFF Sagl  Via Favad\u00ecn 5 6964 Davesco-Soragno,\u00a0Lugano Switzerland\"\n\t\t\t\t\taria-label=\"TAKEOFF Sagl  Via Favad\u00ecn 5 6964 Davesco-Soragno,\u00a0Lugano Switzerland\"\n\t\t\t><\/iframe>\n\t\t<\/div>\n\t\t\t\t\t\t<\/div>\n\t\t\t\t<\/div>\n\t\t\t\t<\/div>\n\t\t\t\t\t<\/div>\n\t\t\t\t<\/div>\n\t\t<div class=\"elementor-element elementor-element-4eef44c e-flex e-con-boxed e-con e-parent\" data-id=\"4eef44c\" data-element_type=\"container\" data-settings=\"{&quot;background_background&quot;:&quot;classic&quot;}\">\n\t\t\t\t\t<div class=\"e-con-inner\">\n\t\t\t\t<div class=\"elementor-element elementor-element-ed52256 elementor-widget elementor-widget-text-editor\" data-id=\"ed52256\" data-element_type=\"widget\" data-widget_type=\"text-editor.default\">\n\t\t\t\t<div class=\"elementor-widget-container\">\n\t\t\t\t\t\t\t\t\t<p class=\"copyrights\">2024 DOMOCOSMETICS.SHOP. ALLE RECHTE VORBEHALTEN <\/p><p><script type=\"text\/javascript\">(function (w,d) {var loader = function () {var s = d.createElement(\"script\"), tag = d.getElementsByTagName(\"script\")[0]; s.src=\"https:\/\/cdn.iubenda.com\/iubenda.js\"; tag.parentNode.insertBefore(s,tag);}; if(w.addEventListener){w.addEventListener(\"load\", loader, false);}else if(w.attachEvent){w.attachEvent(\"onload\", loader);}else{w.onload = loader;}})(window, document);<\/script><br><br>D<a class=\"iubenda-white no-brand iubenda-noiframe iubenda-embed iubenda-noiframe \" title=\"Datenschutzbestimmungen \" href=\"https:\/\/www.iubenda.com\/privacy-policy\/78863462\">atenschutzrichtlinie<\/a> &#8211;<a class=\"iubenda-white no-brand iubenda-noiframe iubenda-embed iubenda-noiframe \" title=\"Cookie-Richtlinie \" href=\"https:\/\/www.iubenda.com\/privacy-policy\/78863462\/cookie-policy\">Cookie-Richtlinie<\/a><script type=\"text\/javascript\">(function (w,d) {var loader = function () {var s = d.createElement(\"script\"), tag = d.getElementsByTagName(\"script\")[0]; s.src=\"https:\/\/cdn.iubenda.com\/iubenda.js\"; tag.parentNode.insertBefore(s,tag);}; if(w.addEventListener){w.addEventListener(\"load\", loader, false);}else if(w.attachEvent){w.attachEvent(\"onload\", loader);}else{w.onload = loader;}})(window, document);<\/script><\/p><div class=\"company\"><p style=\"text-align: center;\">TAKEOFF Sagl<\/p><p style=\"text-align: center;\">Via Favad\u00ecn 5 6964 Davesco-Soragno, Lugano Switzerland<\/p>CHE-311.602.713<\/div>\t\t\t\t\t\t\t\t<\/div>\n\t\t\t\t<\/div>\n\t\t\t\t\t<\/div>\n\t\t\t\t<\/div>\n\t\t\t\t<\/div>\n\t\t","protected":false},"excerpt":{"rendered":"<p>Haben Sie Fragen, Zweifel oder m\u00f6chten Sie wissen, wie Sie D&#8217;Omo am besten nutzen k\u00f6nnen? Setzen Sie sich mit uns in Verbindung: Wir sind f\u00fcr Sie da, auch bei den heikelsten Fragen Ob es sich um Produktneugierde, praktische Ratschl\u00e4ge oder eher pers\u00f6nliche Anliegen wie die Verwendung von D&#8217;Omo in bestimmten Situationen, Sie k\u00f6nnen auf uns&hellip;<\/p>\n","protected":false},"author":1,"featured_media":0,"parent":0,"menu_order":0,"comment_status":"closed","ping_status":"closed","template":"elementor_header_footer","meta":{"_acf_changed":false,"footnotes":""},"class_list":["post-807","page","type-page","status-publish","hentry"],"acf":[],"yoast_head":"<!-- This site is optimized with the Yoast SEO plugin v26.8 - https:\/\/yoast.com\/product\/yoast-seo-wordpress\/ -->\n<title>Kontakt - D&#039;Omo Gel f\u00fcr M\u00e4nner<\/title>\n<meta name=\"description\" content=\"Haben Sie Fragen zu D&#039;Omo oder Zweifel an seiner Verwendung? Schreiben Sie uns: Auf die pers\u00f6nlichsten Fragen antwortet Alex, unser Spezialist, kompetent und diskret. F\u00fcllen Sie das Formular aus und erhalten Sie gezielte Unterst\u00fctzung.\" \/>\n<meta name=\"robots\" content=\"index, follow, max-snippet:-1, max-image-preview:large, max-video-preview:-1\" \/>\n<link rel=\"canonical\" href=\"https:\/\/offer.domocosmetics.shop\/de\/kontakt\/\" \/>\n<meta property=\"og:locale\" content=\"de_DE\" \/>\n<meta property=\"og:type\" content=\"article\" \/>\n<meta property=\"og:title\" content=\"Stimulierendes Gleitmittel mit Hyalurons\u00e4ure - D&#039;Omo Men&#039;s Gel\" \/>\n<meta property=\"og:description\" content=\"D&#039;Omo Men&#039;s Gel: Gleitmittel mit Hyalurons\u00e4ure. Intensiviert das Vergn\u00fcgen f\u00fcr bis zu 40 Minuten mit der Pleasure Matrix\u00ae Technologie. Kaufen Sie jetzt.\" \/>\n<meta property=\"og:url\" content=\"https:\/\/offer.domocosmetics.shop\/de\/kontakt\/\" \/>\n<meta property=\"og:site_name\" content=\"offer.domocosmetics.shop\" \/>\n<meta property=\"article:modified_time\" content=\"2025-11-27T10:16:38+00:00\" \/>\n<meta name=\"twitter:card\" content=\"summary_large_image\" \/>\n<meta name=\"twitter:label1\" content=\"Gesch\u00e4tzte Lesezeit\" \/>\n\t<meta name=\"twitter:data1\" content=\"1\u00a0Minute\" \/>\n<script type=\"application\/ld+json\" class=\"yoast-schema-graph\">{\"@context\":\"https:\/\/schema.org\",\"@graph\":[{\"@type\":\"WebPage\",\"@id\":\"https:\/\/offer.domocosmetics.shop\/de\/kontakt\/\",\"url\":\"https:\/\/offer.domocosmetics.shop\/de\/kontakt\/\",\"name\":\"Kontakt - D'Omo Gel f\u00fcr M\u00e4nner\",\"isPartOf\":{\"@id\":\"https:\/\/offer.domocosmetics.shop\/de\/#website\"},\"datePublished\":\"2024-12-18T11:01:39+00:00\",\"dateModified\":\"2025-11-27T10:16:38+00:00\",\"description\":\"Haben Sie Fragen zu D'Omo oder Zweifel an seiner Verwendung? Schreiben Sie uns: Auf die pers\u00f6nlichsten Fragen antwortet Alex, unser Spezialist, kompetent und diskret. F\u00fcllen Sie das Formular aus und erhalten Sie gezielte Unterst\u00fctzung.\",\"breadcrumb\":{\"@id\":\"https:\/\/offer.domocosmetics.shop\/de\/kontakt\/#breadcrumb\"},\"inLanguage\":\"de\",\"potentialAction\":[{\"@type\":\"ReadAction\",\"target\":[\"https:\/\/offer.domocosmetics.shop\/de\/kontakt\/\"]}]},{\"@type\":\"BreadcrumbList\",\"@id\":\"https:\/\/offer.domocosmetics.shop\/de\/kontakt\/#breadcrumb\",\"itemListElement\":[{\"@type\":\"ListItem\",\"position\":1,\"name\":\"Home\",\"item\":\"https:\/\/offer.domocosmetics.shop\/de\/\"},{\"@type\":\"ListItem\",\"position\":2,\"name\":\"Kontakt\"}]},{\"@type\":\"WebSite\",\"@id\":\"https:\/\/offer.domocosmetics.shop\/de\/#website\",\"url\":\"https:\/\/offer.domocosmetics.shop\/de\/\",\"name\":\"offer.domocosmetics.shop\",\"description\":\"\",\"potentialAction\":[{\"@type\":\"SearchAction\",\"target\":{\"@type\":\"EntryPoint\",\"urlTemplate\":\"https:\/\/offer.domocosmetics.shop\/de\/?s={search_term_string}\"},\"query-input\":{\"@type\":\"PropertyValueSpecification\",\"valueRequired\":true,\"valueName\":\"search_term_string\"}}],\"inLanguage\":\"de\"}]}<\/script>\n<!-- \/ Yoast SEO plugin. -->","yoast_head_json":{"title":"Kontakt - D'Omo Gel f\u00fcr M\u00e4nner","description":"Haben Sie Fragen zu D'Omo oder Zweifel an seiner Verwendung? Schreiben Sie uns: Auf die pers\u00f6nlichsten Fragen antwortet Alex, unser Spezialist, kompetent und diskret. F\u00fcllen Sie das Formular aus und erhalten Sie gezielte Unterst\u00fctzung.","robots":{"index":"index","follow":"follow","max-snippet":"max-snippet:-1","max-image-preview":"max-image-preview:large","max-video-preview":"max-video-preview:-1"},"canonical":"https:\/\/offer.domocosmetics.shop\/de\/kontakt\/","og_locale":"de_DE","og_type":"article","og_title":"Stimulierendes Gleitmittel mit Hyalurons\u00e4ure - D'Omo Men's Gel","og_description":"D'Omo Men's Gel: Gleitmittel mit Hyalurons\u00e4ure. Intensiviert das Vergn\u00fcgen f\u00fcr bis zu 40 Minuten mit der Pleasure Matrix\u00ae Technologie. Kaufen Sie jetzt.","og_url":"https:\/\/offer.domocosmetics.shop\/de\/kontakt\/","og_site_name":"offer.domocosmetics.shop","article_modified_time":"2025-11-27T10:16:38+00:00","twitter_card":"summary_large_image","twitter_misc":{"Gesch\u00e4tzte Lesezeit":"1\u00a0Minute"},"schema":{"@context":"https:\/\/schema.org","@graph":[{"@type":"WebPage","@id":"https:\/\/offer.domocosmetics.shop\/de\/kontakt\/","url":"https:\/\/offer.domocosmetics.shop\/de\/kontakt\/","name":"Kontakt - D'Omo Gel f\u00fcr M\u00e4nner","isPartOf":{"@id":"https:\/\/offer.domocosmetics.shop\/de\/#website"},"datePublished":"2024-12-18T11:01:39+00:00","dateModified":"2025-11-27T10:16:38+00:00","description":"Haben Sie Fragen zu D'Omo oder Zweifel an seiner Verwendung? Schreiben Sie uns: Auf die pers\u00f6nlichsten Fragen antwortet Alex, unser Spezialist, kompetent und diskret. F\u00fcllen Sie das Formular aus und erhalten Sie gezielte Unterst\u00fctzung.","breadcrumb":{"@id":"https:\/\/offer.domocosmetics.shop\/de\/kontakt\/#breadcrumb"},"inLanguage":"de","potentialAction":[{"@type":"ReadAction","target":["https:\/\/offer.domocosmetics.shop\/de\/kontakt\/"]}]},{"@type":"BreadcrumbList","@id":"https:\/\/offer.domocosmetics.shop\/de\/kontakt\/#breadcrumb","itemListElement":[{"@type":"ListItem","position":1,"name":"Home","item":"https:\/\/offer.domocosmetics.shop\/de\/"},{"@type":"ListItem","position":2,"name":"Kontakt"}]},{"@type":"WebSite","@id":"https:\/\/offer.domocosmetics.shop\/de\/#website","url":"https:\/\/offer.domocosmetics.shop\/de\/","name":"offer.domocosmetics.shop","description":"","potentialAction":[{"@type":"SearchAction","target":{"@type":"EntryPoint","urlTemplate":"https:\/\/offer.domocosmetics.shop\/de\/?s={search_term_string}"},"query-input":{"@type":"PropertyValueSpecification","valueRequired":true,"valueName":"search_term_string"}}],"inLanguage":"de"}]}},"_links":{"self":[{"href":"https:\/\/offer.domocosmetics.shop\/de\/wp-json\/wp\/v2\/pages\/807","targetHints":{"allow":["GET"]}}],"collection":[{"href":"https:\/\/offer.domocosmetics.shop\/de\/wp-json\/wp\/v2\/pages"}],"about":[{"href":"https:\/\/offer.domocosmetics.shop\/de\/wp-json\/wp\/v2\/types\/page"}],"author":[{"embeddable":true,"href":"https:\/\/offer.domocosmetics.shop\/de\/wp-json\/wp\/v2\/users\/1"}],"replies":[{"embeddable":true,"href":"https:\/\/offer.domocosmetics.shop\/de\/wp-json\/wp\/v2\/comments?post=807"}],"version-history":[{"count":7,"href":"https:\/\/offer.domocosmetics.shop\/de\/wp-json\/wp\/v2\/pages\/807\/revisions"}],"predecessor-version":[{"id":2004,"href":"https:\/\/offer.domocosmetics.shop\/de\/wp-json\/wp\/v2\/pages\/807\/revisions\/2004"}],"wp:attachment":[{"href":"https:\/\/offer.domocosmetics.shop\/de\/wp-json\/wp\/v2\/media?parent=807"}],"curies":[{"name":"wp","href":"https:\/\/api.w.org\/{rel}","templated":true}]}}