{"id":806,"date":"2024-12-09T16:24:38","date_gmt":"2024-12-09T16:24:38","guid":{"rendered":"https:\/\/offer.domocosmetics.shop\/versand\/"},"modified":"2024-12-09T16:24:38","modified_gmt":"2024-12-09T16:24:38","slug":"versand","status":"publish","type":"page","link":"https:\/\/offer.domocosmetics.shop\/de\/versand\/","title":{"rendered":"Versand"},"content":{"rendered":"<h4><strong>TAKEOFF Sagl<\/strong> liefert die Bestellung \u00fcber einen erstklassigen Kurierdienst.<\/h4>\n<p>Die Lieferzeit f\u00fcr die Bestellung kann zwischen mindestens 6 (sechs) Tagen und maximal 8 (acht) Arbeitstagen ab dem Datum der Auftragsbest\u00e4tigung an den Kunden variieren. Die voraussichtliche Lieferzeit wird ebenfalls in der Auftragsbest\u00e4tigung angegeben.<\/p>\n<p>Um dem Kunden einen umfassenderen und engagierteren Service zu bieten, kann <strong>TAKEOFF Sagl<\/strong> dem Kurier unter bestimmten Umst\u00e4nden und mit Zustimmung des Kunden erlauben, den Kunden zu kontaktieren, um einen g\u00fcnstigeren Liefertermin zu vereinbaren. Wenn der Kunde seine Telefonnummer angibt, wird der Kurier, der diesen Service anbietet, den Kunden direkt von der entsprechenden Niederlassung aus kontaktieren, sobald das Paket zur Zustellung eintrifft.<\/p>\n<p>Jeder Kunde, der diesen Service in Anspruch nehmen m\u00f6chte, wird gebeten, seine Telefonnummer w\u00e4hrend des Bestellvorgangs anzugeben. In diesem Fall h\u00e4ngen die Lieferzeiten von den Vereinbarungen zwischen dem Kunden und dem Kurierdienst ab. Andernfalls gilt die oben angegebene Versanddauer. Wenn es nicht m\u00f6glich ist, den Auftrag innerhalb der oben genannten Frist zu liefern, wird <strong>TAKEOFF Sagl<\/strong> den Kunden unverz\u00fcglich per E-Mail und\/oder Telefon benachrichtigen und ihm die f\u00fcr die Ausf\u00fchrung des Auftrags erforderliche Zeit mitteilen.<\/p>\n<p>Die Auftragsbest\u00e4tigung enth\u00e4lt die &#8218;Tracking-Nummer&#8216;, mit der der Kunde die Lieferung der Produkte auf der Website des Kurierdienstes verfolgen kann.<\/p>\n<p>Der Kunde wird gebeten, die Auslieferung der Bestellung zu erleichtern, indem er sich f\u00fcr die Entgegennahme der Bestellung zur Verf\u00fcgung stellt oder diese Aufgabe an einen Dritten delegiert.<\/p>\n<p>Wenn der Kurier die Bestellung nicht zustellen kann, setzt sich der Kundendienst mit dem Kunden in Verbindung, um zu erfahren, ob er an einer weiteren Lieferung interessiert ist.<\/p>\n<p><strong>TAKEOFF Sagl<\/strong> kann nicht f\u00fcr Verz\u00f6gerungen haftbar gemacht werden, die nicht auf sein Verschulden oder seine Fahrl\u00e4ssigkeit zur\u00fcckzuf\u00fchren sind. So ist <strong>TAKEOFF Sagl<\/strong> beispielsweise von jeglicher Haftung f\u00fcr Verz\u00f6gerungen aufgrund von Zollverfahren, Streiks, Naturkatastrophen, h\u00f6herer Gewalt oder anderen Umst\u00e4nden, die sich seiner Kontrolle entziehen, befreit.<\/p>\n<p>Bei der Lieferung der Bestellung muss der Kunde die korrekte Anzahl der Pakete und die Unversehrtheit der \u00e4u\u00dferen Verpackung \u00fcberpr\u00fcfen.<\/p>\n<p>Stellt der Kunde Unregelm\u00e4\u00dfigkeiten bei der Lieferung fest, z.B. in Bezug auf die Anzahl der Pakete oder Sch\u00e4den an der Au\u00dfenverpackung, muss er die Lieferpapiere unter Vorbehalt unterschreiben und sich an den Kundendienst wenden. Wenn der Kunde von dieser Vorgehensweise abweicht, kann er die Lieferung nicht beanstanden, au\u00dfer in den gesetzlich vorgesehenen F\u00e4llen von versteckten M\u00e4ngeln und in \u00dcbereinstimmung mit den geltenden Verbraucherschutzgesetzen.<\/p>\n","protected":false},"excerpt":{"rendered":"<p>TAKEOFF Sagl liefert die Bestellung \u00fcber einen erstklassigen Kurierdienst. Die Lieferzeit f\u00fcr die Bestellung kann zwischen mindestens 6 (sechs) Tagen und maximal 8 (acht) Arbeitstagen ab dem Datum der Auftragsbest\u00e4tigung an den Kunden variieren. Die voraussichtliche Lieferzeit wird ebenfalls in der Auftragsbest\u00e4tigung angegeben. Um dem Kunden einen umfassenderen und engagierteren Service zu bieten, kann TAKEOFF&hellip;<\/p>\n","protected":false},"author":1,"featured_media":0,"parent":0,"menu_order":0,"comment_status":"closed","ping_status":"closed","template":"","meta":{"_acf_changed":false,"footnotes":""},"class_list":["post-806","page","type-page","status-publish","hentry","description-off"],"acf":[],"yoast_head":"<!-- This site is optimized with the Yoast SEO plugin v26.8 - https:\/\/yoast.com\/product\/yoast-seo-wordpress\/ -->\n<title>Versand - offer.domocosmetics.shop<\/title>\n<meta name=\"robots\" content=\"index, follow, max-snippet:-1, max-image-preview:large, max-video-preview:-1\" \/>\n<link rel=\"canonical\" href=\"https:\/\/offer.domocosmetics.shop\/de\/versand\/\" \/>\n<meta property=\"og:locale\" content=\"de_DE\" \/>\n<meta property=\"og:type\" content=\"article\" \/>\n<meta property=\"og:title\" content=\"Versand - offer.domocosmetics.shop\" \/>\n<meta property=\"og:description\" content=\"TAKEOFF Sagl liefert die Bestellung \u00fcber einen erstklassigen Kurierdienst. Die Lieferzeit f\u00fcr die Bestellung kann zwischen mindestens 6 (sechs) Tagen und maximal 8 (acht) Arbeitstagen ab dem Datum der Auftragsbest\u00e4tigung an den Kunden variieren. Die voraussichtliche Lieferzeit wird ebenfalls in der Auftragsbest\u00e4tigung angegeben. Um dem Kunden einen umfassenderen und engagierteren Service zu bieten, kann TAKEOFF&hellip;\" \/>\n<meta property=\"og:url\" content=\"https:\/\/offer.domocosmetics.shop\/de\/versand\/\" \/>\n<meta property=\"og:site_name\" content=\"offer.domocosmetics.shop\" \/>\n<meta name=\"twitter:card\" content=\"summary_large_image\" \/>\n<meta name=\"twitter:label1\" content=\"Gesch\u00e4tzte Lesezeit\" \/>\n\t<meta name=\"twitter:data1\" content=\"2\u00a0Minuten\" \/>\n<script type=\"application\/ld+json\" class=\"yoast-schema-graph\">{\"@context\":\"https:\/\/schema.org\",\"@graph\":[{\"@type\":\"WebPage\",\"@id\":\"https:\/\/offer.domocosmetics.shop\/de\/versand\/\",\"url\":\"https:\/\/offer.domocosmetics.shop\/de\/versand\/\",\"name\":\"Versand - offer.domocosmetics.shop\",\"isPartOf\":{\"@id\":\"https:\/\/offer.domocosmetics.shop\/de\/#website\"},\"datePublished\":\"2024-12-09T16:24:38+00:00\",\"breadcrumb\":{\"@id\":\"https:\/\/offer.domocosmetics.shop\/de\/versand\/#breadcrumb\"},\"inLanguage\":\"de\",\"potentialAction\":[{\"@type\":\"ReadAction\",\"target\":[\"https:\/\/offer.domocosmetics.shop\/de\/versand\/\"]}]},{\"@type\":\"BreadcrumbList\",\"@id\":\"https:\/\/offer.domocosmetics.shop\/de\/versand\/#breadcrumb\",\"itemListElement\":[{\"@type\":\"ListItem\",\"position\":1,\"name\":\"Home\",\"item\":\"https:\/\/offer.domocosmetics.shop\/de\/\"},{\"@type\":\"ListItem\",\"position\":2,\"name\":\"Versand\"}]},{\"@type\":\"WebSite\",\"@id\":\"https:\/\/offer.domocosmetics.shop\/de\/#website\",\"url\":\"https:\/\/offer.domocosmetics.shop\/de\/\",\"name\":\"offer.domocosmetics.shop\",\"description\":\"\",\"potentialAction\":[{\"@type\":\"SearchAction\",\"target\":{\"@type\":\"EntryPoint\",\"urlTemplate\":\"https:\/\/offer.domocosmetics.shop\/de\/?s={search_term_string}\"},\"query-input\":{\"@type\":\"PropertyValueSpecification\",\"valueRequired\":true,\"valueName\":\"search_term_string\"}}],\"inLanguage\":\"de\"}]}<\/script>\n<!-- \/ Yoast SEO plugin. -->","yoast_head_json":{"title":"Versand - offer.domocosmetics.shop","robots":{"index":"index","follow":"follow","max-snippet":"max-snippet:-1","max-image-preview":"max-image-preview:large","max-video-preview":"max-video-preview:-1"},"canonical":"https:\/\/offer.domocosmetics.shop\/de\/versand\/","og_locale":"de_DE","og_type":"article","og_title":"Versand - offer.domocosmetics.shop","og_description":"TAKEOFF Sagl liefert die Bestellung \u00fcber einen erstklassigen Kurierdienst. Die Lieferzeit f\u00fcr die Bestellung kann zwischen mindestens 6 (sechs) Tagen und maximal 8 (acht) Arbeitstagen ab dem Datum der Auftragsbest\u00e4tigung an den Kunden variieren. Die voraussichtliche Lieferzeit wird ebenfalls in der Auftragsbest\u00e4tigung angegeben. Um dem Kunden einen umfassenderen und engagierteren Service zu bieten, kann TAKEOFF&hellip;","og_url":"https:\/\/offer.domocosmetics.shop\/de\/versand\/","og_site_name":"offer.domocosmetics.shop","twitter_card":"summary_large_image","twitter_misc":{"Gesch\u00e4tzte Lesezeit":"2\u00a0Minuten"},"schema":{"@context":"https:\/\/schema.org","@graph":[{"@type":"WebPage","@id":"https:\/\/offer.domocosmetics.shop\/de\/versand\/","url":"https:\/\/offer.domocosmetics.shop\/de\/versand\/","name":"Versand - offer.domocosmetics.shop","isPartOf":{"@id":"https:\/\/offer.domocosmetics.shop\/de\/#website"},"datePublished":"2024-12-09T16:24:38+00:00","breadcrumb":{"@id":"https:\/\/offer.domocosmetics.shop\/de\/versand\/#breadcrumb"},"inLanguage":"de","potentialAction":[{"@type":"ReadAction","target":["https:\/\/offer.domocosmetics.shop\/de\/versand\/"]}]},{"@type":"BreadcrumbList","@id":"https:\/\/offer.domocosmetics.shop\/de\/versand\/#breadcrumb","itemListElement":[{"@type":"ListItem","position":1,"name":"Home","item":"https:\/\/offer.domocosmetics.shop\/de\/"},{"@type":"ListItem","position":2,"name":"Versand"}]},{"@type":"WebSite","@id":"https:\/\/offer.domocosmetics.shop\/de\/#website","url":"https:\/\/offer.domocosmetics.shop\/de\/","name":"offer.domocosmetics.shop","description":"","potentialAction":[{"@type":"SearchAction","target":{"@type":"EntryPoint","urlTemplate":"https:\/\/offer.domocosmetics.shop\/de\/?s={search_term_string}"},"query-input":{"@type":"PropertyValueSpecification","valueRequired":true,"valueName":"search_term_string"}}],"inLanguage":"de"}]}},"_links":{"self":[{"href":"https:\/\/offer.domocosmetics.shop\/de\/wp-json\/wp\/v2\/pages\/806","targetHints":{"allow":["GET"]}}],"collection":[{"href":"https:\/\/offer.domocosmetics.shop\/de\/wp-json\/wp\/v2\/pages"}],"about":[{"href":"https:\/\/offer.domocosmetics.shop\/de\/wp-json\/wp\/v2\/types\/page"}],"author":[{"embeddable":true,"href":"https:\/\/offer.domocosmetics.shop\/de\/wp-json\/wp\/v2\/users\/1"}],"replies":[{"embeddable":true,"href":"https:\/\/offer.domocosmetics.shop\/de\/wp-json\/wp\/v2\/comments?post=806"}],"version-history":[{"count":0,"href":"https:\/\/offer.domocosmetics.shop\/de\/wp-json\/wp\/v2\/pages\/806\/revisions"}],"wp:attachment":[{"href":"https:\/\/offer.domocosmetics.shop\/de\/wp-json\/wp\/v2\/media?parent=806"}],"curies":[{"name":"wp","href":"https:\/\/api.w.org\/{rel}","templated":true}]}}