{"id":735,"date":"2024-11-11T13:22:05","date_gmt":"2024-11-11T13:22:05","guid":{"rendered":"https:\/\/offer.domocosmetics.shop\/einkaufswagen\/"},"modified":"2025-02-05T12:07:08","modified_gmt":"2025-02-05T12:07:08","slug":"einkaufswagen","status":"publish","type":"page","link":"https:\/\/offer.domocosmetics.shop\/de\/einkaufswagen\/","title":{"rendered":"Einkaufswagen"},"content":{"rendered":"\t\t<div data-elementor-type=\"wp-page\" data-elementor-id=\"735\" class=\"elementor elementor-735 elementor-184\">\n\t\t\t\t<div class=\"elementor-element elementor-element-554aa2bf e-flex e-con-boxed e-con e-parent\" data-id=\"554aa2bf\" data-element_type=\"container\">\n\t\t\t\t\t<div class=\"e-con-inner\">\n\t\t\t\t<div class=\"elementor-element elementor-element-45b1d005 elementor-widget elementor-widget-text-editor\" data-id=\"45b1d005\" data-element_type=\"widget\" data-widget_type=\"text-editor.default\">\n\t\t\t\t<div class=\"elementor-widget-container\">\n\t\t\t\t\t\t\t\t\t\r\n<div class=\"wp-block-woocommerce-cart alignwide is-loading\">\r\n<div class=\"wp-block-woocommerce-filled-cart-block\">\r\n<div class=\"wp-block-woocommerce-cart-items-block\">\r\n<div class=\"wp-block-woocommerce-cart-line-items-block\">\u00a0<\/div>\r\n\r\n\r\n\r\n<div class=\"wp-block-woocommerce-cart-cross-sells-block\">\r\n<h2 class=\"wp-block-heading has-large-font-size\">You may be interested in\u2026<\/h2>\r\n\r\n\r\n\r\n<div class=\"wp-block-woocommerce-cart-cross-sells-products-block\">\u00a0<\/div>\r\n<\/div>\r\n<\/div>\r\n\r\n\r\n\r\n<div class=\"wp-block-woocommerce-cart-totals-block\">\r\n<div class=\"wp-block-woocommerce-cart-order-summary-block\">\r\n<div class=\"wp-block-woocommerce-cart-order-summary-heading-block\">\u00a0<\/div>\r\n\r\n\r\n\r\n<div class=\"wp-block-woocommerce-cart-order-summary-coupon-form-block\">\u00a0<\/div>\r\n\r\n\r\n\r\n<div class=\"wp-block-woocommerce-cart-order-summary-subtotal-block\">\u00a0<\/div>\r\n\r\n\r\n\r\n<div class=\"wp-block-woocommerce-cart-order-summary-fee-block\">\u00a0<\/div>\r\n\r\n\r\n\r\n<div class=\"wp-block-woocommerce-cart-order-summary-discount-block\">\u00a0<\/div>\r\n\r\n\r\n\r\n<div class=\"wp-block-woocommerce-cart-order-summary-shipping-block\">\u00a0<\/div>\r\n\r\n\r\n\r\n<div class=\"wp-block-woocommerce-cart-order-summary-taxes-block\">\u00a0<\/div>\r\n<\/div>\r\n\r\n\r\n\r\n<div class=\"wp-block-woocommerce-cart-express-payment-block\">\u00a0<\/div>\r\n\r\n\r\n\r\n<div class=\"wp-block-woocommerce-proceed-to-checkout-block\">\u00a0<\/div>\r\n\r\n\r\n\r\n<div class=\"wp-block-woocommerce-cart-accepted-payment-methods-block\">\u00a0<\/div>\r\n<\/div>\r\n<\/div>\r\n\r\n\r\n\r\n<div class=\"wp-block-woocommerce-empty-cart-block\">\r\n<h2 class=\"wp-block-heading has-text-align-center with-empty-cart-icon wc-block-cart__empty-cart__title\">Your cart is currently empty!<\/h2>\r\n\r\n\r\n<hr class=\"wp-block-separator has-alpha-channel-opacity is-style-dots\" \/>\r\n\r\n\r\n<h2 class=\"wp-block-heading has-text-align-center\">New in store<\/h2>\r\n\r\n\r\n<\/div>\r\n<\/div>\r\n\t\t\t\t\t\t\t\t<\/div>\n\t\t\t\t<\/div>\n\t\t\t\t\t<\/div>\n\t\t\t\t<\/div>\n\t\t<div class=\"elementor-element elementor-element-0af485c e-con-full e-flex e-con e-parent\" data-id=\"0af485c\" data-element_type=\"container\" data-settings=\"{&quot;background_background&quot;:&quot;classic&quot;}\">\n\t\t\t\t<div class=\"elementor-element elementor-element-a0f0774 elementor-widget elementor-widget-heading\" data-id=\"a0f0774\" data-element_type=\"widget\" data-widget_type=\"heading.default\">\n\t\t\t\t<div class=\"elementor-widget-container\">\n\t\t\t\t\t<h2 class=\"elementor-heading-title elementor-size-default\">Testimonianze<\/h2>\t\t\t\t<\/div>\n\t\t\t\t<\/div>\n\t\t\t\t<div class=\"elementor-element elementor-element-2fc5ca7 arrows-relative-to-box_area preserve-img-ratio-cover bullets-small-dot-stroke elementor-widget elementor-widget-the7_testimonials_carousel\" data-id=\"2fc5ca7\" data-element_type=\"widget\" data-settings=\"{&quot;gap_between_posts&quot;:{&quot;unit&quot;:&quot;px&quot;,&quot;size&quot;:43,&quot;sizes&quot;:[]},&quot;widget_columns&quot;:3,&quot;widget_columns_tablet&quot;:2,&quot;widget_columns_mobile&quot;:1,&quot;gap_between_posts_tablet&quot;:{&quot;unit&quot;:&quot;px&quot;,&quot;size&quot;:&quot;&quot;,&quot;sizes&quot;:[]},&quot;gap_between_posts_mobile&quot;:{&quot;unit&quot;:&quot;px&quot;,&quot;size&quot;:&quot;&quot;,&quot;sizes&quot;:[]}}\" data-widget_type=\"the7_testimonials_carousel.default\">\n\t\t\t\t<div class=\"elementor-widget-container\">\n\t\t\t\t\t<div class=\"disable-arrows-hover-bg owl-carousel testimonials-carousel elementor-owl-carousel-call the7-elementor-widget the7_testimonials_carousel-2fc5ca7 quick-scale-img\" data-scroll-mode=\"1\" data-auto-height=\"false\" data-speed=\"600\" data-autoplay=\"false\" data-autoplay_speed=\"\"><div  class=\"dt-owl-item-wrap hide-btn elements-hover\"  ><div class=\"dt-owl-item-inner \"><h4  class=\"dt-owl-item-heading\">Giovanni, 47 anni<\/h4><div class=\"dt-owl-item-description\">Funziona bene, non lo metto in dubbio, ma forse il prezzo \u00e8 un p\u00f2 altino x quello che fa. Per\u00f2 mia moglie \u00e8 contenta, quindi ci sta \ud83d\ude05<\/div><\/div><\/div><div  class=\"dt-owl-item-wrap hide-btn elements-hover\"  ><div class=\"dt-owl-item-inner \"><h4  class=\"dt-owl-item-heading\">Antonio, 54 anni<\/h4><div class=\"dt-owl-item-description\">ho provato diversi prodotti simili e questo \u00e8 uno dei migliori... peccato che nn si trovi nei negozi... sarebbe comodo<\/div><\/div><\/div><div  class=\"dt-owl-item-wrap hide-btn elements-hover\"  ><div class=\"dt-owl-item-inner \"><h4  class=\"dt-owl-item-heading\">Matteo, 43 anni<\/h4><div class=\"dt-owl-item-description\">Non pensavo di scrivere mai una recensione su queste cose ahah, ma D'Omo GEL \u00e8 stato un gamechanger. Consigliatissimo se vuoi sorprendere!<\/div><\/div><\/div><div  class=\"dt-owl-item-wrap hide-btn elements-hover\"  ><div class=\"dt-owl-item-inner \"><h4  class=\"dt-owl-item-heading\">Luca, 57 anni<\/h4><div class=\"dt-owl-item-description\">prodotto buono... per\u00f2 la durata nn \u00e8 sempre quella promessa... dipende da tante cose forse... cmq fa il suo lavoro<\/div><\/div><\/div><\/div><div class=\"owl-nav disabled\"><div class=\"owl-prev\" role=\"button\" tabindex=\"0\" aria-label=\"Prev slide\"><svg class=\"e-font-icon-svg e-fas-chevron-left\" viewBox=\"0 0 320 512\" xmlns=\"http:\/\/www.w3.org\/2000\/svg\"><path d=\"M34.52 239.03L228.87 44.69c9.37-9.37 24.57-9.37 33.94 0l22.67 22.67c9.36 9.36 9.37 24.52.04 33.9L131.49 256l154.02 154.75c9.34 9.38 9.32 24.54-.04 33.9l-22.67 22.67c-9.37 9.37-24.57 9.37-33.94 0L34.52 272.97c-9.37-9.37-9.37-24.57 0-33.94z\"><\/path><\/svg><\/div><div class=\"owl-next\" role=\"button\" tabindex=\"0\" aria-label=\"Next slide\"><svg class=\"e-font-icon-svg e-fas-chevron-right\" viewBox=\"0 0 320 512\" xmlns=\"http:\/\/www.w3.org\/2000\/svg\"><path d=\"M285.476 272.971L91.132 467.314c-9.373 9.373-24.569 9.373-33.941 0l-22.667-22.667c-9.357-9.357-9.375-24.522-.04-33.901L188.505 256 34.484 101.255c-9.335-9.379-9.317-24.544.04-33.901l22.667-22.667c9.373-9.373 24.569-9.373 33.941 0L285.475 239.03c9.373 9.372 9.373 24.568.001 33.941z\"><\/path><\/svg><\/div><\/div>\t\t\t\t<\/div>\n\t\t\t\t<\/div>\n\t\t\t\t<\/div>\n\t\t\t\t<\/div>\n\t\t","protected":false},"excerpt":{"rendered":"<p>Testimonianze Giovanni, 47 anni Funziona bene, non lo metto in dubbio, ma forse il prezzo \u00e8 un p\u00f2 altino x quello che fa. Per\u00f2 mia moglie \u00e8 contenta, quindi ci sta ? Antonio, 54 anni ho provato diversi prodotti simili e questo \u00e8 uno dei migliori&#8230; peccato che nn si trovi nei negozi&#8230; sarebbe comodo&hellip;<\/p>\n","protected":false},"author":1,"featured_media":0,"parent":0,"menu_order":0,"comment_status":"closed","ping_status":"closed","template":"","meta":{"_acf_changed":false,"footnotes":""},"class_list":["post-735","page","type-page","status-publish","hentry"],"acf":[],"yoast_head":"<!-- This site is optimized with the Yoast SEO plugin v26.8 - https:\/\/yoast.com\/product\/yoast-seo-wordpress\/ -->\n<title>Einkaufswagen - offer.domocosmetics.shop<\/title>\n<meta name=\"robots\" content=\"index, follow, max-snippet:-1, max-image-preview:large, max-video-preview:-1\" \/>\n<link rel=\"canonical\" href=\"https:\/\/offer.domocosmetics.shop\/de\/einkaufswagen\/\" \/>\n<meta property=\"og:locale\" content=\"de_DE\" \/>\n<meta property=\"og:type\" content=\"article\" \/>\n<meta property=\"og:title\" content=\"Einkaufswagen - offer.domocosmetics.shop\" \/>\n<meta property=\"og:description\" content=\"Testimonianze Giovanni, 47 anni Funziona bene, non lo metto in dubbio, ma forse il prezzo \u00e8 un p\u00f2 altino x quello che fa. Per\u00f2 mia moglie \u00e8 contenta, quindi ci sta ? Antonio, 54 anni ho provato diversi prodotti simili e questo \u00e8 uno dei migliori&#8230; peccato che nn si trovi nei negozi&#8230; sarebbe comodo&hellip;\" \/>\n<meta property=\"og:url\" content=\"https:\/\/offer.domocosmetics.shop\/de\/einkaufswagen\/\" \/>\n<meta property=\"og:site_name\" content=\"offer.domocosmetics.shop\" \/>\n<meta property=\"article:modified_time\" content=\"2025-02-05T12:07:08+00:00\" \/>\n<meta name=\"twitter:card\" content=\"summary_large_image\" \/>\n<meta name=\"twitter:label1\" content=\"Gesch\u00e4tzte Lesezeit\" \/>\n\t<meta name=\"twitter:data1\" content=\"1\u00a0Minute\" \/>\n<script type=\"application\/ld+json\" class=\"yoast-schema-graph\">{\"@context\":\"https:\/\/schema.org\",\"@graph\":[{\"@type\":\"WebPage\",\"@id\":\"https:\/\/offer.domocosmetics.shop\/de\/einkaufswagen\/\",\"url\":\"https:\/\/offer.domocosmetics.shop\/de\/einkaufswagen\/\",\"name\":\"Einkaufswagen - offer.domocosmetics.shop\",\"isPartOf\":{\"@id\":\"https:\/\/offer.domocosmetics.shop\/de\/#website\"},\"datePublished\":\"2024-11-11T13:22:05+00:00\",\"dateModified\":\"2025-02-05T12:07:08+00:00\",\"breadcrumb\":{\"@id\":\"https:\/\/offer.domocosmetics.shop\/de\/einkaufswagen\/#breadcrumb\"},\"inLanguage\":\"de\",\"potentialAction\":[{\"@type\":\"ReadAction\",\"target\":[\"https:\/\/offer.domocosmetics.shop\/de\/einkaufswagen\/\"]}]},{\"@type\":\"BreadcrumbList\",\"@id\":\"https:\/\/offer.domocosmetics.shop\/de\/einkaufswagen\/#breadcrumb\",\"itemListElement\":[{\"@type\":\"ListItem\",\"position\":1,\"name\":\"Home\",\"item\":\"https:\/\/offer.domocosmetics.shop\/de\/\"},{\"@type\":\"ListItem\",\"position\":2,\"name\":\"Einkaufswagen\"}]},{\"@type\":\"WebSite\",\"@id\":\"https:\/\/offer.domocosmetics.shop\/de\/#website\",\"url\":\"https:\/\/offer.domocosmetics.shop\/de\/\",\"name\":\"offer.domocosmetics.shop\",\"description\":\"\",\"potentialAction\":[{\"@type\":\"SearchAction\",\"target\":{\"@type\":\"EntryPoint\",\"urlTemplate\":\"https:\/\/offer.domocosmetics.shop\/de\/?s={search_term_string}\"},\"query-input\":{\"@type\":\"PropertyValueSpecification\",\"valueRequired\":true,\"valueName\":\"search_term_string\"}}],\"inLanguage\":\"de\"}]}<\/script>\n<!-- \/ Yoast SEO plugin. -->","yoast_head_json":{"title":"Einkaufswagen - offer.domocosmetics.shop","robots":{"index":"index","follow":"follow","max-snippet":"max-snippet:-1","max-image-preview":"max-image-preview:large","max-video-preview":"max-video-preview:-1"},"canonical":"https:\/\/offer.domocosmetics.shop\/de\/einkaufswagen\/","og_locale":"de_DE","og_type":"article","og_title":"Einkaufswagen - offer.domocosmetics.shop","og_description":"Testimonianze Giovanni, 47 anni Funziona bene, non lo metto in dubbio, ma forse il prezzo \u00e8 un p\u00f2 altino x quello che fa. Per\u00f2 mia moglie \u00e8 contenta, quindi ci sta ? Antonio, 54 anni ho provato diversi prodotti simili e questo \u00e8 uno dei migliori&#8230; peccato che nn si trovi nei negozi&#8230; sarebbe comodo&hellip;","og_url":"https:\/\/offer.domocosmetics.shop\/de\/einkaufswagen\/","og_site_name":"offer.domocosmetics.shop","article_modified_time":"2025-02-05T12:07:08+00:00","twitter_card":"summary_large_image","twitter_misc":{"Gesch\u00e4tzte Lesezeit":"1\u00a0Minute"},"schema":{"@context":"https:\/\/schema.org","@graph":[{"@type":"WebPage","@id":"https:\/\/offer.domocosmetics.shop\/de\/einkaufswagen\/","url":"https:\/\/offer.domocosmetics.shop\/de\/einkaufswagen\/","name":"Einkaufswagen - offer.domocosmetics.shop","isPartOf":{"@id":"https:\/\/offer.domocosmetics.shop\/de\/#website"},"datePublished":"2024-11-11T13:22:05+00:00","dateModified":"2025-02-05T12:07:08+00:00","breadcrumb":{"@id":"https:\/\/offer.domocosmetics.shop\/de\/einkaufswagen\/#breadcrumb"},"inLanguage":"de","potentialAction":[{"@type":"ReadAction","target":["https:\/\/offer.domocosmetics.shop\/de\/einkaufswagen\/"]}]},{"@type":"BreadcrumbList","@id":"https:\/\/offer.domocosmetics.shop\/de\/einkaufswagen\/#breadcrumb","itemListElement":[{"@type":"ListItem","position":1,"name":"Home","item":"https:\/\/offer.domocosmetics.shop\/de\/"},{"@type":"ListItem","position":2,"name":"Einkaufswagen"}]},{"@type":"WebSite","@id":"https:\/\/offer.domocosmetics.shop\/de\/#website","url":"https:\/\/offer.domocosmetics.shop\/de\/","name":"offer.domocosmetics.shop","description":"","potentialAction":[{"@type":"SearchAction","target":{"@type":"EntryPoint","urlTemplate":"https:\/\/offer.domocosmetics.shop\/de\/?s={search_term_string}"},"query-input":{"@type":"PropertyValueSpecification","valueRequired":true,"valueName":"search_term_string"}}],"inLanguage":"de"}]}},"_links":{"self":[{"href":"https:\/\/offer.domocosmetics.shop\/de\/wp-json\/wp\/v2\/pages\/735","targetHints":{"allow":["GET"]}}],"collection":[{"href":"https:\/\/offer.domocosmetics.shop\/de\/wp-json\/wp\/v2\/pages"}],"about":[{"href":"https:\/\/offer.domocosmetics.shop\/de\/wp-json\/wp\/v2\/types\/page"}],"author":[{"embeddable":true,"href":"https:\/\/offer.domocosmetics.shop\/de\/wp-json\/wp\/v2\/users\/1"}],"replies":[{"embeddable":true,"href":"https:\/\/offer.domocosmetics.shop\/de\/wp-json\/wp\/v2\/comments?post=735"}],"version-history":[{"count":0,"href":"https:\/\/offer.domocosmetics.shop\/de\/wp-json\/wp\/v2\/pages\/735\/revisions"}],"wp:attachment":[{"href":"https:\/\/offer.domocosmetics.shop\/de\/wp-json\/wp\/v2\/media?parent=735"}],"curies":[{"name":"wp","href":"https:\/\/api.w.org\/{rel}","templated":true}]}}